{"id":320,"date":"2018-04-10T14:29:30","date_gmt":"2018-04-10T14:29:30","guid":{"rendered":"http:\/\/e3integral.com\/inici\/"},"modified":"2020-10-01T06:43:55","modified_gmt":"2020-10-01T06:43:55","slug":"inici","status":"publish","type":"page","link":"http:\/\/e3integral.com\/es\/","title":{"rendered":"Inicio"},"content":{"rendered":"<p>[vc_row full_width=\u00bbstretch_row_content_no_spaces\u00bb][vc_column]\n    <div class='slide-relative'>        \n    <div class='slide-principal owl-carousel'>\n        \n        <div class='slide' style='background-image: url(http:\/\/e3integral.com\/wp-content\/uploads\/2018\/05\/e3integral-slide-1.jpg);'>\n            <div class='cover'>\n          \n            <div class='container'>\n                    <div class='slide-text'>\n                        <div class='content-text'>\n                        <h2><\/h2>\n                        \n                        <\/div>\n                    <\/div>\n                <\/div>\n            <\/div>\n           \n        <\/div>\n\n        <div class='slide' style='background-image: url(http:\/\/e3integral.com\/wp-content\/uploads\/2018\/04\/prueba.jpg);'>\n            <div class='cover'>\n                <div class='container'>\n                    <div class='slide-text'>\n                        <div class='content-text'>\n                        <h2>Texto 2<\/h2>\n                        \n                        <\/div>\n                    <\/div>\n                <\/div>\n            <\/div>\n            \n        <\/div>\n\n        <div class='slide' style='background-image: url(http:\/\/e3integral.com\/wp-content\/uploads\/2018\/04\/miguel_torres_2016_2.jpg);'>\n            <div class='cover'>\n                <div class='container'>\n                    <div class='slide-text'>\n                        <div class='content-text'>\n                       \n                        <h2>Texto 3<\/h2>\n                        \n                        <\/div>\n                    <\/div>\n                <\/div>\n            <\/div>\n            \n        <\/div>\n\n\n\n        <div class='slide' style='background-image: url(http:\/\/e3integral.com\/wp-content\/uploads\/2018\/06\/e3integral-slide-4.jpg.jpg);'>\n            <div class='cover'>\n                <div class='container'>\n                    <div class='slide-text'>\n                        <div class='content-text'>\n                       \n                        <h2><\/h2>\n                        \n                        <\/div>\n                    <\/div>\n                <\/div>\n            <\/div>\n            \n        <\/div>\n\n\n        <div class='slide' style='background-image: url(http:\/\/e3integral.com\/wp-content\/uploads\/2018\/06\/e3integral-slide-5.jpg);'>\n            <div class='cover'>\n                <div class='container'>\n                    <div class='slide-text'>\n                        <div class='content-text'>\n                       \n                        <h2><\/h2>\n                        \n                        <\/div>\n                    <\/div>\n                <\/div>\n            <\/div>\n            \n        <\/div>\n\n\n\n\n        \n    <\/div>\n\n    <a href='#content' class='scroll-down anchor'>\n        <img src='http:\/\/e3integral.com\/wp-content\/themes\/e3integral\/img\/scroll-down.png' alt='content' \/>\n    <\/a>\n    <\/div>\n            \n   [\/vc_column][\/vc_row][vc_row el_id=\u00bbcontent\u00bb][vc_column][vc_empty_space][vc_row_inner equal_height=\u00bbyes\u00bb content_placement=\u00bbmiddle\u00bb][vc_column_inner width=\u00bb1\/2&#8243;]\n  \n       \n           \n       \n         <h1 class='titol-gran'>Ingenier\u00eda<br \/>\nintegral<\/h1>\n                     \n            \n       \n\n        [\/vc_column_inner][vc_column_inner width=\u00bb1\/2&#8243;]\n            \n            \n        \n                \n        \n        <div class='text-destacat'>\n            Somos una ingenier\u00eda especializada en proyectos t\u00e9cnicos relacionados con la energ\u00eda fotovoltaica, las instalaciones en seguridad industrial, la recarga de veh\u00edculos el\u00e9ctricos o las licencias ambientales y de actividad.\n        <\/div>\n        \n                \n\n           \n        [\/vc_column_inner][\/vc_row_inner][vc_empty_space][\/vc_column][\/vc_row][vc_row full_width=\u00bbstretch_row_content_no_spaces\u00bb parallax=\u00bbcontent-moving\u00bb parallax_image=\u00bb21&#8243; el_class=\u00bbfranja\u00bb][vc_column][vc_empty_space height=\u00bb400&#8243;][\/vc_column][\/vc_row][vc_row full_width=\u00bbstretch_row\u00bb el_class=\u00bbgris\u00bb][vc_column][vc_empty_space][vc_row_inner equal_height=\u00bbyes\u00bb][vc_column_inner width=\u00bb1\/3&#8243;]\n\n    <aside class='fitxa-serveis'>\n    <a href='\/es\/servicios#proyectos-fotovoltaicos'>\n        <div class='imatge'>\n            <img  src='http:\/\/e3integral.com\/wp-content\/uploads\/2018\/05\/sol.png' alt='' \/>\n        <\/div>\n        <div class='texte'>\n            Proyectos fotovoltaicos<br \/>\nde autoconsumo<br \/>\nconectados a la red\n        <\/div>\n    <\/a>\n    <\/aside>\n    [\/vc_column_inner][vc_column_inner width=\u00bb1\/3&#8243;]\n\n    <aside class='fitxa-serveis'>\n    <a href='\/es\/servicios#recarga-electricos'>\n        <div class='imatge'>\n            <img  src='http:\/\/e3integral.com\/wp-content\/uploads\/2018\/05\/recarrega.png' alt='' \/>\n        <\/div>\n        <div class='texte'>\n            Recarga<br \/>\nde veh\u00edculos el\u00e9ctricos\n        <\/div>\n    <\/a>\n    <\/aside>\n    [\/vc_column_inner][vc_column_inner width=\u00bb1\/3&#8243;]\n\n    <aside class='fitxa-serveis'>\n    <a href='\/es\/servicios#seguridad-industrial'>\n        <div class='imatge'>\n            <img  src='http:\/\/e3integral.com\/wp-content\/uploads\/2018\/05\/casa.png' alt='' \/>\n        <\/div>\n        <div class='texte'>\n            Instalaciones en<br \/>\nseguridad<br \/>\nindustrial\n        <\/div>\n    <\/a>\n    <\/aside>\n    [\/vc_column_inner][\/vc_row_inner][vc_row_inner equal_height=\u00bbyes\u00bb][vc_column_inner width=\u00bb1\/3&#8243;]\n\n    <aside class='fitxa-serveis'>\n    <a href='\/es\/servicios#licencias'>\n        <div class='imatge'>\n            <img  src='http:\/\/e3integral.com\/wp-content\/uploads\/2018\/05\/llicencia.png' alt='' \/>\n        <\/div>\n        <div class='texte'>\n            Licencias<br \/>\nambientales y<br \/>\nde actividad\n        <\/div>\n    <\/a>\n    <\/aside>\n    [\/vc_column_inner][vc_column_inner width=\u00bb1\/3&#8243;]\n\n    <aside class='fitxa-serveis'>\n    <a href='\/es\/servicios#auditorias'>\n        <div class='imatge'>\n            <img  src='http:\/\/e3integral.com\/wp-content\/uploads\/2018\/05\/certificat.png' alt='' \/>\n        <\/div>\n        <div class='texte'>\n            Auditor\u00edas y<br \/>\ncertificaciones<br \/>\nenerg\u00e9ticas\n        <\/div>\n    <\/a>\n    <\/aside>\n    [\/vc_column_inner][vc_column_inner width=\u00bb1\/3&#8243;]\n\n    <aside class='fitxa-serveis'>\n    <a href='\/es\/servicios#seguridad'>\n        <div class='imatge'>\n            <img  src='http:\/\/e3integral.com\/wp-content\/uploads\/2018\/06\/logoseguretat.png' alt='' \/>\n        <\/div>\n        <div class='texte'>\n            Seguridad<br \/>\nen m\u00e1quinas\n        <\/div>\n    <\/a>\n    <\/aside>\n    [\/vc_column_inner][\/vc_row_inner][vc_empty_space]\n\n    <figure class='video-img'>\n        <i class='play'><\/i>\n        <img  src='http:\/\/e3integral.com\/wp-content\/uploads\/2018\/05\/e3integral-video.jpg' alt='' \/>\n        <!--<iframe width='940' height='529' src='\/\/player.vimeo.com\/video\/272745619?autoplay=1&loop=1&autopause=0' frameborder='0' allowfullscreen><\/iframe>-->\n    <\/figure>\n    [vc_row_inner][vc_column_inner width=\u00bb1\/4&#8243;][\/vc_column_inner][vc_column_inner width=\u00bb1\/2&#8243;]\n            \n            \n        \n                \n        \n        <div class='featured-section'>\n            <div class='espai-title'>\n                <h2 class='titol-destacat'>\n                    Equipo con amplia experiencia\n                <\/h2>\n            <\/div>\n                Nuestro equipo de trabajo est\u00e1 formado por ingenieros y t\u00e9cnicos especializados capaces de ofrecer servicios integrales a nuestros clientes. Esta estructura permite la ejecuci\u00f3n <strong>llaves en mano<\/strong> en todas las aplicaciones, incluyendo su direcci\u00f3n de obra.<\/p>\n<p>A lo largo de estos a\u00f1os hemos desarrollado diferentes proyectos integrales con clientes de primer nivel:\n        <\/div>\n        \n                \n\n           \n        [\/vc_column_inner][vc_column_inner width=\u00bb1\/4&#8243;][\/vc_column_inner][\/vc_row_inner][vc_empty_space][\/vc_column][\/vc_row][vc_row full_width=\u00bbstretch_row\u00bb css=\u00bb.vc_custom_1525776461344{padding-top: 15px !important;padding-bottom: 15px !important;background-color: #ffffff !important;}\u00bb][vc_column css=\u00bb.vc_custom_1525776430939{padding-top: 0px !important;}\u00bb]\n            \n            <div class='owl-carousel logos'>\n                <div class=\"logo\"> \n        <img src=\"http:\/\/e3integral.com\/wp-content\/uploads\/2020\/10\/INDEL_Logo_2018_P-1200x424.jpg\" alt=\"\" \/>\n        <\/div><div class=\"logo\"> \n        <img src=\"http:\/\/e3integral.com\/wp-content\/uploads\/2018\/06\/logo11.png\" alt=\"\" \/>\n        <\/div><div class=\"logo\"> \n        <img src=\"http:\/\/e3integral.com\/wp-content\/uploads\/2020\/10\/nou6tema.png\" alt=\"\" \/>\n        <\/div><div class=\"logo\"> \n        <img src=\"http:\/\/e3integral.com\/wp-content\/uploads\/2018\/05\/logo05.png\" alt=\"\" \/>\n        <\/div><div class=\"logo\"> \n        <img src=\"http:\/\/e3integral.com\/wp-content\/uploads\/2018\/05\/logo04.png\" alt=\"\" \/>\n        <\/div><div class=\"logo\"> \n        <img src=\"http:\/\/e3integral.com\/wp-content\/uploads\/2018\/05\/logo03.png\" alt=\"\" \/>\n        <\/div><div class=\"logo\"> \n        <img src=\"http:\/\/e3integral.com\/wp-content\/uploads\/2018\/05\/logo07.png\" alt=\"\" \/>\n        <\/div><div class=\"logo\"> \n        <img src=\"http:\/\/e3integral.com\/wp-content\/uploads\/2018\/05\/logo02.png\" alt=\"\" \/>\n        <\/div><div class=\"logo\"> \n        <img src=\"http:\/\/e3integral.com\/wp-content\/uploads\/2018\/05\/logo10.png\" alt=\"\" \/>\n        <\/div><div class=\"logo\"> \n        <img src=\"http:\/\/e3integral.com\/wp-content\/uploads\/2018\/05\/logo09.png\" alt=\"\" \/>\n        <\/div>     \n            <\/div>\n                    \n           [\/vc_column][\/vc_row][vc_row full_width=\u00bbstretch_row\u00bb el_class=\u00bbgris\u00bb][vc_column]\n           \n            <div class=\"projectes owl-carousel\">\n            \n                \n        \n            <div class=\"projecte\">\n                <div class=\"box\">\n                    <a href=\"http:\/\/e3integral.com\/es\/projectes\/instalacion-fotovoltaica-de-autoconsumo-para-vivienda-unifamiliar-4\/\" class=\"link\" >\n                        <div class=\"cover\">\n                            <div class=\"image\" style=\"background-image: url(http:\/\/e3integral.com\/wp-content\/uploads\/2020\/09\/4.3-FORS-CALLAU-450x600.jpg);\">\n                                \n                            <\/div>\n                        <\/div>\n                        <div class=\"text\"> \n                            <h3>\n                                Instalaci\u00f3n fotovoltaica de autoconsumo para vivienda unifamiliar\n                            <\/h3>\n                        <\/div>\n                    <\/a>\n                <\/div>\n            <\/div>\n\n\n            \n            \n           \n                \n            \n        \n        \n            <div class=\"projecte\">\n                <div class=\"box\">\n                    <a href=\"http:\/\/e3integral.com\/es\/projectes\/instalacion-fotovoltaica-de-autoconsumo-para-vivienda-unifamiliar-3\/\" class=\"link\" >\n                        <div class=\"cover\">\n                            <div class=\"image\" style=\"background-image: url(http:\/\/e3integral.com\/wp-content\/uploads\/2020\/09\/3.2-GALVEZ-600x450.jpg);\">\n                                \n                            <\/div>\n                        <\/div>\n                        <div class=\"text\"> \n                            <h3>\n                                Instalaci\u00f3n fotovoltaica de autoconsumo para vivienda unifamiliar\n                            <\/h3>\n                        <\/div>\n                    <\/a>\n                <\/div>\n            <\/div>\n\n\n            \n            \n           \n                \n            \n        \n        \n            <div class=\"projecte\">\n                <div class=\"box\">\n                    <a href=\"http:\/\/e3integral.com\/es\/projectes\/instalacion-fotovoltaica-de-autoconsumo-para-vivienda-unifamiliar-2\/\" class=\"link\" >\n                        <div class=\"cover\">\n                            <div class=\"image\" style=\"background-image: url(http:\/\/e3integral.com\/wp-content\/uploads\/2020\/09\/Foto-Bussmann-600x252.jpg);\">\n                                \n                            <\/div>\n                        <\/div>\n                        <div class=\"text\"> \n                            <h3>\n                                Instalaci\u00f3n fotovoltaica de autoconsumo para vivienda unifamiliar\n                            <\/h3>\n                        <\/div>\n                    <\/a>\n                <\/div>\n            <\/div>\n\n\n            \n            \n           \n                \n            \n        \n        \n            <div class=\"projecte\">\n                <div class=\"box\">\n                    <a href=\"http:\/\/e3integral.com\/es\/projectes\/instalacion-fotovoltaica-de-autoconsumo\/\" class=\"link\" >\n                        <div class=\"cover\">\n                            <div class=\"image\" style=\"background-image: url(http:\/\/e3integral.com\/wp-content\/uploads\/2020\/09\/1.1-IBERFLUID-600x450.jpg);\">\n                                \n                            <\/div>\n                        <\/div>\n                        <div class=\"text\"> \n                            <h3>\n                                Instalaci\u00f3n fotovoltaica de autoconsumo\n                            <\/h3>\n                        <\/div>\n                    <\/a>\n                <\/div>\n            <\/div>\n\n\n            \n            \n           \n                \n            \n        \n        \n            <div class=\"projecte\">\n                <div class=\"box\">\n                    <a href=\"http:\/\/e3integral.com\/es\/projectes\/instalacion-fotovoltaica-para-el-autoconsumo-industrial-2\/\" class=\"link\" >\n                        <div class=\"cover\">\n                            <div class=\"image\" style=\"background-image: url(http:\/\/e3integral.com\/wp-content\/uploads\/2020\/09\/5.1-CHURRY-600x450.jpg);\">\n                                \n                            <\/div>\n                        <\/div>\n                        <div class=\"text\"> \n                            <h3>\n                                Instalaci\u00f3n fotovoltaica para el autoconsumo industrial\n                            <\/h3>\n                        <\/div>\n                    <\/a>\n                <\/div>\n            <\/div>\n\n\n            \n            \n           \n                \n            \n        \n        \n            <div class=\"projecte\">\n                <div class=\"box\">\n                    <a href=\"http:\/\/e3integral.com\/es\/projectes\/instalacion-fotovoltaica-para-el-autoconsumo-industrial\/\" class=\"link\" >\n                        <div class=\"cover\">\n                            <div class=\"image\" style=\"background-image: url(http:\/\/e3integral.com\/wp-content\/uploads\/2020\/09\/6.2-MATRILAM-600x450.jpg);\">\n                                \n                            <\/div>\n                        <\/div>\n                        <div class=\"text\"> \n                            <h3>\n                                Instalaci\u00f3n fotovoltaica para el autoconsumo industrial\n                            <\/h3>\n                        <\/div>\n                    <\/a>\n                <\/div>\n            <\/div>\n\n\n            \n            \n           \n                \n            \n        \n        \n            <div class=\"projecte\">\n                <div class=\"box\">\n                    <a href=\"http:\/\/e3integral.com\/es\/projectes\/instal%c2%b7lacio-fotovoltaica-dautoconsum-en-finca\/\" class=\"link\" >\n                        <div class=\"cover\">\n                            <div class=\"image\" style=\"background-image: url(http:\/\/e3integral.com\/wp-content\/uploads\/2020\/09\/7.1-MAS-SALVAT-600x450.jpg);\">\n                                \n                            <\/div>\n                        <\/div>\n                        <div class=\"text\"> \n                            <h3>\n                                Instalaci\u00f3n fotovoltaica para el autoconsumo en finca\n                            <\/h3>\n                        <\/div>\n                    <\/a>\n                <\/div>\n            <\/div>\n\n\n            \n            \n           \n                \n            \n        \n        \n            <div class=\"projecte\">\n                <div class=\"box\">\n                    <a href=\"http:\/\/e3integral.com\/es\/projectes\/instal%c2%b7lacio-fotovoltaica-dautoconsum-en-coberta-industrial\/\" class=\"link\" >\n                        <div class=\"cover\">\n                            <div class=\"image\" style=\"background-image: url(http:\/\/e3integral.com\/wp-content\/uploads\/2020\/09\/8.2-CONDAL-CHEFF-1-600x450.jpg);\">\n                                \n                            <\/div>\n                        <\/div>\n                        <div class=\"text\"> \n                            <h3>\n                                Instalaci\u00f3n fotovoltaica para el autoconsumo en cubierta industrial\n                            <\/h3>\n                        <\/div>\n                    <\/a>\n                <\/div>\n            <\/div>\n\n\n            \n            \n           \n                \n            \n        \n        \n            <div class=\"projecte\">\n                <div class=\"box\">\n                    <a href=\"http:\/\/e3integral.com\/es\/projectes\/instalacion-fotovoltaica-de-autoconsumo-para-vivienda-unifamiliar\/\" class=\"link\" >\n                        <div class=\"cover\">\n                            <div class=\"image\" style=\"background-image: url(http:\/\/e3integral.com\/wp-content\/uploads\/2020\/09\/9.2-MARISOL-LALDEA-600x450.jpg);\">\n                                \n                            <\/div>\n                        <\/div>\n                        <div class=\"text\"> \n                            <h3>\n                                Instalaci\u00f3n fotovoltaica de autoconsumo para vivienda unifamiliar\n                            <\/h3>\n                        <\/div>\n                    <\/a>\n                <\/div>\n            <\/div>\n\n\n            \n            \n           \n                \n            \n        \n        \n            <div class=\"projecte\">\n                <div class=\"box\">\n                    <a href=\"http:\/\/e3integral.com\/es\/projectes\/migueltorres\/\" class=\"link\" >\n                        <div class=\"cover\">\n                            <div class=\"image\" style=\"background-image: url(http:\/\/e3integral.com\/wp-content\/uploads\/2018\/04\/miguel_torres_2018_2-600x375.jpg);\">\n                                \n                            <\/div>\n                        <\/div>\n                        <div class=\"text\"> \n                            <h3>\n                                Instalaci\u00f3n conexi\u00f3n de red sobre cubierta en nave industrial\n                            <\/h3>\n                        <\/div>\n                    <\/a>\n                <\/div>\n            <\/div>\n\n\n            \n            \n           \n                \n            \n        \n        \n            <div class=\"projecte\">\n                <div class=\"box\">\n                    <a href=\"http:\/\/e3integral.com\/es\/projectes\/1075kwpinstallation\/\" class=\"link\" >\n                        <div class=\"cover\">\n                            <div class=\"image\" style=\"background-image: url(http:\/\/e3integral.com\/wp-content\/uploads\/2018\/04\/Boveda_03-600x375.jpg);\">\n                                \n                            <\/div>\n                        <\/div>\n                        <div class=\"text\"> \n                            <h3>\n                                Parque solar con conexi\u00f3n a red sobre terreno\n                            <\/h3>\n                        <\/div>\n                    <\/a>\n                <\/div>\n            <\/div>\n\n\n            \n            \n           \n                \n            \n        \n        \n            <div class=\"projecte\">\n                <div class=\"box\">\n                    <a href=\"http:\/\/e3integral.com\/es\/projectes\/migueltorres2016\/\" class=\"link\" >\n                        <div class=\"cover\">\n                            <div class=\"image\" style=\"background-image: url(http:\/\/e3integral.com\/wp-content\/uploads\/2018\/04\/miguel_torres_2016_2-600x375.jpg);\">\n                                \n                            <\/div>\n                        <\/div>\n                        <div class=\"text\"> \n                            <h3>\n                                Instalaci\u00f3n de Autoconsumo Centro de Visitas &#8211; Mas\u00eda\n                            <\/h3>\n                        <\/div>\n                    <\/a>\n                <\/div>\n            <\/div>\n\n\n            \n            \n           \n                \n            \n        \n        \n            <div class=\"projecte\">\n                <div class=\"box\">\n                    <a href=\"http:\/\/e3integral.com\/es\/projectes\/habitatgeautoconsum\/\" class=\"link\" >\n                        <div class=\"cover\">\n                            <div class=\"image\" style=\"background-image: url(http:\/\/e3integral.com\/wp-content\/uploads\/2018\/04\/vall_2017_01-600x375.jpg);\">\n                                \n                            <\/div>\n                        <\/div>\n                        <div class=\"text\"> \n                            <h3>\n                                Instalaci\u00f3n de autoconsumo vivienda plurifamiliar\n                            <\/h3>\n                        <\/div>\n                    <\/a>\n                <\/div>\n            <\/div>\n\n\n            \n            \n           \n                \n            \n        \n        \n            <div class=\"projecte\">\n                <div class=\"box\">\n                    <a href=\"http:\/\/e3integral.com\/es\/projectes\/fotovoltaicavalls\/\" class=\"link\" >\n                        <div class=\"cover\">\n                            <div class=\"image\" style=\"background-image: url(http:\/\/e3integral.com\/wp-content\/uploads\/2018\/04\/vall_2018_2-600x375.jpg);\">\n                                \n                            <\/div>\n                        <\/div>\n                        <div class=\"text\"> \n                            <h3>\n                                Instalaci\u00f3n aislada en vivienda unifamiliar\n                            <\/h3>\n                        <\/div>\n                    <\/a>\n                <\/div>\n            <\/div>\n\n\n            \n            \n           \n                \n            \n        \n            <\/div>\n           \n            [vc_empty_space][\/vc_column][\/vc_row]<\/p>\n","protected":false},"excerpt":{"rendered":"<p>[vc_row full_width=\u00bbstretch_row_content_no_spaces\u00bb][vc_column][\/vc_column][\/vc_row][vc_row el_id=\u00bbcontent\u00bb][vc_column][vc_empty_space][vc_row_inner equal_height=\u00bbyes\u00bb content_placement=\u00bbmiddle\u00bb][vc_column_inner width=\u00bb1\/2&#8243;][\/vc_column_inner][vc_column_inner width=\u00bb1\/2&#8243;][\/vc_column_inner][\/vc_row_inner][vc_empty_space][\/vc_column][\/vc_row][vc_row full_width=\u00bbstretch_row_content_no_spaces\u00bb parallax=\u00bbcontent-moving\u00bb parallax_image=\u00bb21&#8243; el_class=\u00bbfranja\u00bb][vc_column][vc_empty_space height=\u00bb400&#8243;][\/vc_column][\/vc_row][vc_row full_width=\u00bbstretch_row\u00bb el_class=\u00bbgris\u00bb][vc_column][vc_empty_space][vc_row_inner equal_height=\u00bbyes\u00bb][vc_column_inner width=\u00bb1\/3&#8243;][\/vc_column_inner][vc_column_inner width=\u00bb1\/3&#8243;][\/vc_column_inner][vc_column_inner width=\u00bb1\/3&#8243;][\/vc_column_inner][\/vc_row_inner][vc_row_inner equal_height=\u00bbyes\u00bb][vc_column_inner width=\u00bb1\/3&#8243;][\/vc_column_inner][vc_column_inner width=\u00bb1\/3&#8243;][\/vc_column_inner][vc_column_inner width=\u00bb1\/3&#8243;][\/vc_column_inner][\/vc_row_inner][vc_empty_space][vc_row_inner][vc_column_inner width=\u00bb1\/4&#8243;][\/vc_column_inner][vc_column_inner width=\u00bb1\/2&#8243;][\/vc_column_inner][vc_column_inner width=\u00bb1\/4&#8243;][\/vc_column_inner][\/vc_row_inner][vc_empty_space][\/vc_column][\/vc_row][vc_row [&hellip;]<\/p>\n","protected":false},"author":1,"featured_media":0,"parent":0,"menu_order":1,"comment_status":"closed","ping_status":"open","template":"","meta":[],"_links":{"self":[{"href":"http:\/\/e3integral.com\/es\/wp-json\/wp\/v2\/pages\/320"}],"collection":[{"href":"http:\/\/e3integral.com\/es\/wp-json\/wp\/v2\/pages"}],"about":[{"href":"http:\/\/e3integral.com\/es\/wp-json\/wp\/v2\/types\/page"}],"author":[{"embeddable":true,"href":"http:\/\/e3integral.com\/es\/wp-json\/wp\/v2\/users\/1"}],"replies":[{"embeddable":true,"href":"http:\/\/e3integral.com\/es\/wp-json\/wp\/v2\/comments?post=320"}],"version-history":[{"count":15,"href":"http:\/\/e3integral.com\/es\/wp-json\/wp\/v2\/pages\/320\/revisions"}],"predecessor-version":[{"id":488,"href":"http:\/\/e3integral.com\/es\/wp-json\/wp\/v2\/pages\/320\/revisions\/488"}],"wp:attachment":[{"href":"http:\/\/e3integral.com\/es\/wp-json\/wp\/v2\/media?parent=320"}],"curies":[{"name":"wp","href":"https:\/\/api.w.org\/{rel}","templated":true}]}}