{"id":322,"date":"2018-04-10T14:37:22","date_gmt":"2018-04-10T14:37:22","guid":{"rendered":"http:\/\/e3integral.com\/serveis\/"},"modified":"2020-10-01T05:40:38","modified_gmt":"2020-10-01T05:40:38","slug":"servicios","status":"publish","type":"page","link":"http:\/\/e3integral.com\/es\/servicios\/","title":{"rendered":"Servicios"},"content":{"rendered":"<p>[vc_row full_width=\u00bbstretch_row_content_no_spaces\u00bb][vc_column]\n        <section class='section-title-breadcrumb' style='background-image: url(http:\/\/e3integral.com\/wp-content\/uploads\/2018\/05\/header-empresa.jpg);'>\n            <div class='cover'>\n                <div class='container'>\n                    \n                    <h5 class='breadcrumb-title'>\n                          <ul class=\"breadcrumb\"><li><a href=\"http:\/\/e3integral.com\/es\">Home<\/a> <span class=\"divider\"><\/span><\/li> <li class=\"active\">P\u00e1gina<\/li><\/ul> \n                    <\/h5>\n                    \n                <\/div>\n            <\/div>\n        <\/section>\n    [\/vc_column][\/vc_row][vc_row][vc_column]\n  \n       \n           \n       \n         <h1 class='titol-gran'>Desarrollo de proyectos<\/h1>\n                     \n            \n       \n\n        [\/vc_column][\/vc_row][vc_row equal_height=\u00bbyes\u00bb el_class=\u00bbiguals\u00bb][vc_column width=\u00bb1\/2&#8243; el_id=\u00bbproyectos-fotovoltaicos\u00bb]\n            \n            \n        \n                \n        \n        <div class='featured-service'>\n            \n            <h3>\n                Proyectos<br \/>\nfotovoltaicos\n            <\/h3>\n            <div class='content-service'>\n                <p>Los sistemas fotovoltaicos aprovechan la radiaci\u00f3n solar, fuente inagotable, local, no contaminante y silenciosa para la producci\u00f3n de electricidad. Se trata de una tecnolog\u00eda y de un \u00e1mbito de actuaci\u00f3n con un amplio campo de aplicaci\u00f3n en el cual e3integral aporta el conocimiento y amplia experiencia.<\/p>\n\n            <\/div>\n        <\/div>\n        \n                \n\n           \n        [\/vc_column][vc_column width=\u00bb1\/2&#8243; el_id=\u00bbrecarga-electricos\u00bb]\n            \n            \n        \n                \n        \n        <div class='featured-service'>\n            \n            <h3>\n                Recarga<br \/>\nde veh\u00edculos el\u00e9ctricos\n            <\/h3>\n            <div class='content-service'>\n                <p>La gesti\u00f3n integral de la infraestructura del veh\u00edculo el\u00e9ctrico se inicia con un estudio previo y engloba desde la elecci\u00f3n del veh\u00edculo apropiado en base de su futuro uso, hasta el desarrollo e instalaci\u00f3n del sistema de recarga adecuado.<\/p>\n\n            <\/div>\n        <\/div>\n        \n                \n\n           \n        [\/vc_column][\/vc_row][vc_row equal_height=\u00bbyes\u00bb el_class=\u00bbiguals\u00bb][vc_column width=\u00bb1\/2&#8243; el_id=\u00bbseguridad-industrial\u00bb]\n            \n            \n        \n                \n        \n        <div class='featured-service'>\n            \n            <h3>\n                Instalaciones en seguridad<br \/>\nindustrial\n            <\/h3>\n            <div class='content-service'>\n                <p>Realizamos proyectos ejecutivos, legalizaciones y direcci\u00f3n facultativa de Baja Tensi\u00f3n, Alta Tensi\u00f3n, T\u00e9rmicas (RITE), Receptores de Gas y otras instalaciones referentes al RITSIC.<\/p>\n\n            <\/div>\n        <\/div>\n        \n                \n\n           \n        [\/vc_column][vc_column width=\u00bb1\/2&#8243; el_id=\u00bblicencias\u00bb]\n            \n            \n        \n                \n        \n        <div class='featured-service'>\n            \n            <h3>\n                Licencias ambientales<br \/>\ny de actividad\n            <\/h3>\n            <div class='content-service'>\n                <p>Tenemos amplia experiencia en el \u00e1mbito de la obtenci\u00f3n de permisos y licencias de actividad a partir de las normativas aplicables a cada caso, o de los tipos de licencia y autorizaci\u00f3n a partir del impacto ambiental.<\/p>\n\n            <\/div>\n        <\/div>\n        \n                \n\n           \n        [\/vc_column][\/vc_row][vc_row full_width=\u00bbstretch_row_content_no_spaces\u00bb parallax=\u00bbcontent-moving\u00bb parallax_image=\u00bb70&#8243; css=\u00bb.vc_custom_1525795117377{margin-top: 50px !important;}\u00bb][vc_column][vc_empty_space height=\u00bb420px\u00bb][\/vc_column][\/vc_row][vc_row][vc_column]\n  \n       \n           \n       \n         <h1 class='titol-gran'>Auditor\u00edas y certificaciones<br \/>\n<\/h1>\n                     \n            \n       \n\n        [\/vc_column][\/vc_row][vc_row equal_height=\u00bbyes\u00bb el_class=\u00bbiguals\u00bb][vc_column width=\u00bb1\/2&#8243; el_id=\u00bbauditorias\u00bb]\n            \n            \n        \n                \n        \n        <div class='featured-service'>\n            \n            <h3>\n                Auditor\u00edas energ\u00e9ticas<br \/>\npara empresas\n            <\/h3>\n            <div class='content-service'>\n                <p>Realizamos auditor\u00edas energ\u00e9ticas seg\u00fan el Real Decreto 56\/2016 y la Directiva Europea 2012\/27\/UE, siendo \u00e9sta una herramienta que permite a las empresas conocer su situaci\u00f3n respecto al uso de energ\u00eda y detectar cuantitativamente las acciones con las que mejorarla, potenciando las inversiones en proyectos de ahorro energ\u00e9tico y energ\u00edas renovables. A trav\u00e9s de la auditor\u00eda se establece una hoja de ruta con una estrategia de mejora continua de su consumo energ\u00e9tico.<\/p>\n\n            <\/div>\n        <\/div>\n        \n                \n\n           \n        [\/vc_column][vc_column width=\u00bb1\/2&#8243; el_id=\u00bbcertificaciones\u00bb]\n            \n            \n        \n                \n        \n        <div class='featured-service'>\n            \n            <h3>\n                Certificaciones e implantaci\u00f3n de sistemas\n            <\/h3>\n            <div class='content-service'>\n                <p>Realizaci\u00f3n de certificaciones energ\u00e9ticas de edificios e implantaci\u00f3n de sistemas de energ\u00eda a partir de la norma ISO50001. Estos sistemas corresponden a los cambios en la operaci\u00f3n de equipos consumidores, la adquisici\u00f3n de tecnolog\u00eda m\u00e1s eficiente, la optimizaci\u00f3n del coste energ\u00e9tico y la utilizaci\u00f3n del autoconsumo a trav\u00e9s de instalaciones con energ\u00edas renovables.<\/p>\n\n            <\/div>\n        <\/div>\n        \n                \n\n           \n        [\/vc_column][\/vc_row][vc_row full_width=\u00bbstretch_row_content_no_spaces\u00bb parallax=\u00bbcontent-moving\u00bb parallax_image=\u00bb70&#8243; css=\u00bb.vc_custom_1525795117377{margin-top: 50px !important;}\u00bb][vc_column][vc_empty_space height=\u00bb420px\u00bb][\/vc_column][\/vc_row][vc_row][vc_column el_id=\u00bbseguretat\u00bb]\n  \n       \n           \n       \n         <h1 class='titol-gran'>Seguridad en m\u00e1quinas<br \/>\n<\/h1>\n                     \n            \n       \n\n        [\/vc_column][\/vc_row][vc_row equal_height=\u00bbyes\u00bb el_class=\u00bbiguals\u00bb][vc_column width=\u00bb1\/2&#8243; el_id=\u00bbseguridad\u00bb]\n            \n            \n        \n                \n        \n        <div class='featured-service'>\n            \n            <h3>\n                \n            <\/h3>\n            <div class='content-service'>\n                <p>Se realiza la homologaci\u00f3n y marcaje CE de m\u00e1quinas nuevas y l\u00edneas de fabricaci\u00f3n seg\u00fan la Directiva 2006\/42\/CE, como la actualizaci\u00f3n en conformidad de m\u00e1quinas antiguas y l\u00edneas de fabricaci\u00f3n con el RD 1215\/1997.<\/p>\n<p>Va dirigido a los fabricantes, usuarios y comercializadores de m\u00e1quinas y componentes de seguridad. Establece las actuaciones necesarias para el cumplimiento de los requisitos necesarios para garantizar un grado elevado de seguridad hacia los usuarios y operarios, mejorando el comercio dentro de la Uni\u00f3n Europea.<\/p>\n\n            <\/div>\n        <\/div>\n        \n                \n\n           \n        [\/vc_column][vc_column width=\u00bb1\/2&#8243;][\/vc_column][\/vc_row][vc_row][vc_column][vc_empty_space][vc_empty_space][\/vc_column][\/vc_row]<\/p>\n","protected":false},"excerpt":{"rendered":"<p>[vc_row full_width=\u00bbstretch_row_content_no_spaces\u00bb][vc_column][\/vc_column][\/vc_row][vc_row][vc_column][\/vc_column][\/vc_row][vc_row equal_height=\u00bbyes\u00bb el_class=\u00bbiguals\u00bb][vc_column width=\u00bb1\/2&#8243; el_id=\u00bbproyectos-fotovoltaicos\u00bb][\/vc_column][vc_column width=\u00bb1\/2&#8243; el_id=\u00bbrecarga-electricos\u00bb][\/vc_column][\/vc_row][vc_row equal_height=\u00bbyes\u00bb el_class=\u00bbiguals\u00bb][vc_column width=\u00bb1\/2&#8243; el_id=\u00bbseguridad-industrial\u00bb][\/vc_column][vc_column width=\u00bb1\/2&#8243; el_id=\u00bblicencias\u00bb][\/vc_column][\/vc_row][vc_row full_width=\u00bbstretch_row_content_no_spaces\u00bb parallax=\u00bbcontent-moving\u00bb parallax_image=\u00bb70&#8243; css=\u00bb.vc_custom_1525795117377{margin-top: 50px !important;}\u00bb][vc_column][vc_empty_space height=\u00bb420px\u00bb][\/vc_column][\/vc_row][vc_row][vc_column][\/vc_column][\/vc_row][vc_row equal_height=\u00bbyes\u00bb el_class=\u00bbiguals\u00bb][vc_column width=\u00bb1\/2&#8243; el_id=\u00bbauditorias\u00bb][\/vc_column][vc_column [&hellip;]<\/p>\n","protected":false},"author":1,"featured_media":0,"parent":0,"menu_order":3,"comment_status":"closed","ping_status":"closed","template":"","meta":[],"_links":{"self":[{"href":"http:\/\/e3integral.com\/es\/wp-json\/wp\/v2\/pages\/322"}],"collection":[{"href":"http:\/\/e3integral.com\/es\/wp-json\/wp\/v2\/pages"}],"about":[{"href":"http:\/\/e3integral.com\/es\/wp-json\/wp\/v2\/types\/page"}],"author":[{"embeddable":true,"href":"http:\/\/e3integral.com\/es\/wp-json\/wp\/v2\/users\/1"}],"replies":[{"embeddable":true,"href":"http:\/\/e3integral.com\/es\/wp-json\/wp\/v2\/comments?post=322"}],"version-history":[{"count":9,"href":"http:\/\/e3integral.com\/es\/wp-json\/wp\/v2\/pages\/322\/revisions"}],"predecessor-version":[{"id":470,"href":"http:\/\/e3integral.com\/es\/wp-json\/wp\/v2\/pages\/322\/revisions\/470"}],"wp:attachment":[{"href":"http:\/\/e3integral.com\/es\/wp-json\/wp\/v2\/media?parent=322"}],"curies":[{"name":"wp","href":"https:\/\/api.w.org\/{rel}","templated":true}]}}