{"id":321,"date":"2018-04-10T14:37:02","date_gmt":"2018-04-10T14:37:02","guid":{"rendered":"http:\/\/e3integral.com\/empresa\/"},"modified":"2018-07-13T09:31:39","modified_gmt":"2018-07-13T09:31:39","slug":"empresa","status":"publish","type":"page","link":"https:\/\/e3integral.com\/es\/empresa\/","title":{"rendered":"Empresa"},"content":{"rendered":"<p>[vc_row full_width=\u00bbstretch_row_content_no_spaces\u00bb][vc_column]\n        <section class='section-title-breadcrumb' style='background-image: url(https:\/\/e3integral.com\/wp-content\/uploads\/2018\/05\/header-empresa.jpg);'>\n            <div class='cover'>\n                <div class='container'>\n                    \n                    <h5 class='breadcrumb-title'>\n                          <ul class=\"breadcrumb\"><li><a href=\"https:\/\/e3integral.com\/es\">Home<\/a> <span class=\"divider\"><\/span><\/li> <li class=\"active\">P\u00e1gina<\/li><\/ul> \n                    <\/h5>\n                    \n                <\/div>\n            <\/div>\n        <\/section>\n    [\/vc_column][\/vc_row][vc_row][vc_column]\n  \n       \n           \n       \n         <h1 class='titol-gran'>Ingenier\u00eda integral<\/h1>\n                     \n            \n       \n\n        [\/vc_column][\/vc_row][vc_row][vc_column width=\u00bb1\/2&#8243;][vc_single_image image=\u00bb240&#8243; img_size=\u00bbfull\u00bb][\/vc_column][vc_column width=\u00bb1\/2&#8243;][vc_column_text]Somos una ingenier\u00eda especializada en proyectos t\u00e9cnicos relacionados con energ\u00eda fotovoltaica, recarga de veh\u00edculos el\u00e9ctricos, instalaciones en seguridad industrial, licencias ambientales y de actividad, integr\u00e1ndose en su conjunto.<\/p>\n<p>Actualmente contamos con amplia experiencia en el desarrollo de proyectos en instalaciones de energ\u00edas renovables y medioambientales, como parques solares fotovoltaicos e instalaciones de puntos de recarga para veh\u00edculos el\u00e9ctricos.<\/p>\n<p>Colaboramos con empresas privadas o en proyectos de obra p\u00fablica ofreciendo experiencia y compromiso en el desarrollo de proyectos medioambientales. Trabajamos en la mejora continua aportando responsabilidad, conocimiento y capacidad de respuesta para dar la mejor soluci\u00f3n a cada necesidad de nuestros clientes.[\/vc_column_text][\/vc_column][\/vc_row][vc_row][vc_column width=\u00bb1\/4&#8243;][\/vc_column][vc_column width=\u00bb1\/2&#8243;]\n            \n            \n        \n                \n        \n        <div class='featured-section'>\n            <div class='espai-title'>\n                <h2 class='titol-destacat'>\n                    Equipo con amplia experiencia\n                <\/h2>\n            <\/div>\n                Nuestro equipo de trabajo est\u00e1 formado por un grupo de ingenieros y asesores especialistas capaces de ofrecer servicios integrales a sus clientes. Esta estructura permite la ejecuci\u00f3n llaves en mano de todas las aplicaciones, incluyendo la direcci\u00f3n de obra en caso de ser requerida.\n        <\/div>\n        \n                \n\n           \n        [\/vc_column][vc_column width=\u00bb1\/4&#8243;][\/vc_column][\/vc_row][vc_row][vc_column]\n           \n            <div class=\"equip owl-carousel\">\n            \n                \n        \n            <div class=\"persona\">\n                <div class=\"box\">\n                    \n                        <div class=\"cover\">\n                            <div class=\"image\" style=\"background-image: url(https:\/\/e3integral.com\/wp-content\/uploads\/2018\/05\/p3-600x490.jpg);\">\n                                \n                            <\/div>\n                        <\/div>\n                        <div class=\"text\"> \n                            <h3>\n                                Francesc Jornet i Vilaplana\n                            <\/h3>\n                            <h4>Gerente<\/h4>\n                            <p>Ingeniero T\u00e9cnico Industrial y Graduado en Electr\u00f3nica y Autom\u00e1tica.<\/p>\n                        <\/div>\n                   \n                <\/div>\n            <\/div>\n\n\n            \n            \n           \n                \n            \n        \n        \n            <div class=\"persona\">\n                <div class=\"box\">\n                    \n                        <div class=\"cover\">\n                            <div class=\"image\" style=\"background-image: url(https:\/\/e3integral.com\/wp-content\/uploads\/2018\/06\/p2-600x484.jpg);\">\n                                \n                            <\/div>\n                        <\/div>\n                        <div class=\"text\"> \n                            <h3>\n                                Gemma Prats i Si\u00f1ol\n                            <\/h3>\n                            <h4>Obras y servicios<\/h4>\n                            <p>Arquitecta.<\/p>\n                        <\/div>\n                   \n                <\/div>\n            <\/div>\n\n\n            \n            \n           \n                \n            \n        \n        \n            <div class=\"persona\">\n                <div class=\"box\">\n                    \n                        <div class=\"cover\">\n                            <div class=\"image\" style=\"background-image: url(https:\/\/e3integral.com\/wp-content\/uploads\/2020\/09\/IMG_20201001_082016-600x445.jpg);\">\n                                \n                            <\/div>\n                        <\/div>\n                        <div class=\"text\"> \n                            <h3>\n                                Mateu Tres i Bosch\n                            <\/h3>\n                            <h4>Comunicaciones industriales e integraci\u00f3n de equipos<\/h4>\n                            <p>Ingeniero Inform\u00e1tico y T\u00e9cnico Superior en Sistemas de Regulaci\u00f3n y Control.<\/p>\n                        <\/div>\n                   \n                <\/div>\n            <\/div>\n\n\n            \n            \n           \n                \n            \n        \n        \n            <div class=\"persona\">\n                <div class=\"box\">\n                    \n                        <div class=\"cover\">\n                            <div class=\"image\" style=\"background-image: url(https:\/\/e3integral.com\/wp-content\/uploads\/2020\/10\/carnet.jpg);\">\n                                \n                            <\/div>\n                        <\/div>\n                        <div class=\"text\"> \n                            <h3>\n                                Olga Catal\u00e1n\n                            <\/h3>\n                            <h4>Colaboradora<\/h4>\n                            <p>Estudiante de Ingenier\u00eda de Sistemas Aeroespaciales<\/p>\n                        <\/div>\n                   \n                <\/div>\n            <\/div>\n\n\n            \n            \n           \n                \n            \n        \n            <\/div>\n           \n            [\/vc_column][\/vc_row][vc_row][vc_column]\n            \n            \n        \n                \n        \n        <div class='featured-section'>\n            <div class='espai-title'>\n                <h2 class='titol-destacat'>\n                    E3: mejoras integrales\n                <\/h2>\n            <\/div>\n                \n        <\/div>\n        \n                \n\n           \n        [\/vc_column][\/vc_row][vc_row][vc_column width=\u00bb1\/2&#8243;][vc_column_text]Aportamos soluciones de ingenier\u00eda integral con el objetivo de mejorar la eficiencia energ\u00e9tica. A partir de nuestro conocimiento y experiencia sobre diferentes sistemas y proyectos como, por ejemplo, la combinaci\u00f3n integrada de instalaciones el\u00e9ctricas con fotovoltaicas en un \u00fanico sistema, podemos mejorar y ganar en eficiencia de trabajo.<\/p>\n<p>Ofrecemos estudios, informes t\u00e9cnicos y proyectos de implantaci\u00f3n de sistemas de gesti\u00f3n energ\u00e9tica, logrando la reducci\u00f3n de las potencias y energ\u00edas demandadas al sistema el\u00e9ctrico, sin afectaci\u00f3n de las actividades normales realizadas en edificios de viviendas, industrias o en cualquier proceso de transformaci\u00f3n. La instalaci\u00f3n el\u00e9ctricamente eficiente logra, a trav\u00e9s de la optimizaci\u00f3n t\u00e9cnica y econ\u00f3mica, una reducci\u00f3n del coste t\u00e9cnico y econ\u00f3mico de explotaci\u00f3n (Norma UNE 216301-EN 16001).[\/vc_column_text][vc_single_image image=\u00bb380&#8243; img_size=\u00bbfull\u00bb alignment=\u00bbcenter\u00bb][\/vc_column][vc_column width=\u00bb1\/2&#8243;][vc_single_image image=\u00bb232&#8243; img_size=\u00bbfull\u00bb]\n            \n            \n        \n                \n        \n        <div class='featured-section'>\n            <div class='espai-title'>\n                <h2 class='titol-destacat'>\n                    Calidad\n                <\/h2>\n            <\/div>\n                A lo largo de su recorrido empresarial, e3integral ha obtenido diferentes reconocimientos y acreditaciones, reforzando as\u00ed nuestra pol\u00edtica de calidad basada en el compromiso con los plazos, requisitos de cada proyecto, calidad de las acciones necesarias y el esfuerzo por aportar siempre la mejor soluci\u00f3n en cuanto a eficiencia y retorno de la inversi\u00f3n.<\/p>\n<p><img loading=\"lazy\" class=\"size-full wp-image-392\" src=\"http:\/\/e3integral.com\/wp-content\/uploads\/2018\/07\/fronius_service-partner_2.jpg\" alt=\"E3integral\" width=\"60\" height=\"60\" \/>\n        <\/div>\n        \n                \n\n           \n        [\/vc_column][\/vc_row][vc_row][vc_column][vc_empty_space][vc_empty_space][\/vc_column][\/vc_row]<\/p>\n","protected":false},"excerpt":{"rendered":"<p>[vc_row full_width=\u00bbstretch_row_content_no_spaces\u00bb][vc_column][\/vc_column][\/vc_row][vc_row][vc_column][\/vc_column][\/vc_row][vc_row][vc_column width=\u00bb1\/2&#8243;][vc_single_image image=\u00bb240&#8243; img_size=\u00bbfull\u00bb][\/vc_column][vc_column width=\u00bb1\/2&#8243;][vc_column_text]Somos una ingenier\u00eda especializada en proyectos t\u00e9cnicos relacionados con energ\u00eda fotovoltaica, recarga de veh\u00edculos el\u00e9ctricos, instalaciones en seguridad industrial, licencias [&hellip;]<\/p>\n","protected":false},"author":1,"featured_media":0,"parent":0,"menu_order":2,"comment_status":"closed","ping_status":"closed","template":"","meta":[],"_links":{"self":[{"href":"https:\/\/e3integral.com\/es\/wp-json\/wp\/v2\/pages\/321"}],"collection":[{"href":"https:\/\/e3integral.com\/es\/wp-json\/wp\/v2\/pages"}],"about":[{"href":"https:\/\/e3integral.com\/es\/wp-json\/wp\/v2\/types\/page"}],"author":[{"embeddable":true,"href":"https:\/\/e3integral.com\/es\/wp-json\/wp\/v2\/users\/1"}],"replies":[{"embeddable":true,"href":"https:\/\/e3integral.com\/es\/wp-json\/wp\/v2\/comments?post=321"}],"version-history":[{"count":5,"href":"https:\/\/e3integral.com\/es\/wp-json\/wp\/v2\/pages\/321\/revisions"}],"predecessor-version":[{"id":394,"href":"https:\/\/e3integral.com\/es\/wp-json\/wp\/v2\/pages\/321\/revisions\/394"}],"wp:attachment":[{"href":"https:\/\/e3integral.com\/es\/wp-json\/wp\/v2\/media?parent=321"}],"curies":[{"name":"wp","href":"https:\/\/api.w.org\/{rel}","templated":true}]}}